{"id":112825,"date":"2024-09-18T06:58:56","date_gmt":"2024-09-18T06:58:56","guid":{"rendered":"https:\/\/kzr.inig.eu\/uniondatabase-udb-2\/"},"modified":"2024-09-18T06:58:56","modified_gmt":"2024-09-18T06:58:56","slug":"uniondatabase-udb","status":"publish","type":"page","link":"https:\/\/kzr.inig.eu\/en\/uniondatabase-udb\/","title":{"rendered":"Dane og\u00f3lne"},"content":{"rendered":"\n<div class=\"wp-block-columns is-layout-flex wp-container-core-columns-is-layout-9d6595d7 wp-block-columns-is-layout-flex\">\n<div class=\"wp-block-column is-layout-flow wp-block-column-is-layout-flow\" style=\"flex-basis:66.66%\">\n<p><strong>Unijna baza danych UDB<\/strong>&nbsp;(Union Database, UDB) to baza danych, opracowana przez Uni\u0119 Europejsk\u0105, kt\u00f3rej celem jest monitorowanie i kontrolowanie ciek\u0142ych i gazowych paliw transportowych z biomasy w obr\u0119bie ca\u0142ego \u0142a\u0144cucha dostaw. Baza ta jest cz\u0119\u015bci\u0105 unijnej strategii na rzecz zapewnienia zgodno\u015bci z kryteriami zr\u00f3wnowa\u017conego rozwoju oraz redukcji emisji gaz\u00f3w cieplarnianych, wynikaj\u0105cych z przepis\u00f3w <strong>Dyrektywy RED II<\/strong>&nbsp;(Renewable Energy Directive).<\/p>\n\n\n\n<p>Regulacje dotycz\u0105ce UDB znajduj\u0105 si\u0119 w art. 28 ust. 2 Dyrektywy (UE) 2018\/2001 (RED II) oraz w art. 31a przysz\u0142ej dyrektywy (UE) 2023\/2413 (RED III). Zapisy odno\u015bnie UDB zawarto r\u00f3wnie\u017c w Rozporz\u0105dzeniu Komisji (UE) 2022\/996 z dnia 14 czerwca 2022 r.<\/p>\n\n\n\n<p><strong>Wa\u017cne linki:<\/strong><\/p>\n<\/div>\n\n\n\n<div class=\"wp-block-column is-layout-flow wp-block-column-is-layout-flow\" style=\"flex-basis:33.33%\">\n<figure class=\"wp-block-image size-large\"><img loading=\"lazy\" decoding=\"async\" width=\"1010\" height=\"1024\" src=\"https:\/\/kzr.inig.eu\/wp-content\/uploads\/2024\/10\/Flag_map_of_the_European_Union-1010x1024.png\" alt=\"\" class=\"wp-image-112821\" srcset=\"https:\/\/kzr.inig.eu\/wp-content\/uploads\/2024\/10\/Flag_map_of_the_European_Union-1010x1024.png 1010w, https:\/\/kzr.inig.eu\/wp-content\/uploads\/2024\/10\/Flag_map_of_the_European_Union-296x300.png 296w, https:\/\/kzr.inig.eu\/wp-content\/uploads\/2024\/10\/Flag_map_of_the_European_Union-768x779.png 768w, https:\/\/kzr.inig.eu\/wp-content\/uploads\/2024\/10\/Flag_map_of_the_European_Union.png 1200w\" sizes=\"auto, (max-width: 1010px) 100vw, 1010px\" \/><\/figure>\n<\/div>\n<\/div>\n\n\n\n<div class=\"block-link\"><div class=\"total-post-count text-end mt-4 mb-3\"><span>liczba dokument\u00f3w na stronie:<\/span><span class=\"number-of-posts\">3<\/span><\/div><div class=\"block-link-row\"><a href=\"https:\/\/webgate.ec.europa.eu\/UnionDatabase\/\" class=\"d-flex\" target=\"_blank\" rel=\"noopener noreferrer nofollow\"><div class=\"block-link-inner d-flex align-items-center\"><div class=\"icon\"><img decoding=\"async\" class=\"svg\" src=\"https:\/\/kzr.inig.eu\/wp-content\/uploads\/2024\/08\/Clip-path-group.svg\" alt=\"Image\"\/><\/div><div class=\"link-content d-flex align-items-center justify-content-between\"><div class=\"content\"><p>Link do wersji produkcyjnej UDB  <\/p><\/div><div class=\"right-icon\"><img decoding=\"async\" src=\"https:\/\/kzr.inig.eu\/wp-content\/plugins\/ASgutenburg\/images\/right.svg\" alt=\"icon\" aria-hidden=\"true\"\/><\/div><\/div><\/div><\/a><\/div><div class=\"block-link-row\"><a href=\"\/\/webgate.acceptance.ec.europa.eu\/UnionDatabase\/\" class=\"d-flex\" target=\"_blank\" rel=\"noopener noreferrer\"><div class=\"block-link-inner d-flex align-items-center\"><div class=\"icon\"><img decoding=\"async\" class=\"svg\" src=\"https:\/\/kzr.inig.eu\/wp-content\/plugins\/ASgutenburg\/images\/icontsvg.svg\" alt=\"Image\"\/><\/div><div class=\"link-content d-flex align-items-center justify-content-between\"><div class=\"content\"><p>Link do wersji testowej UDB  <\/p><\/div><div class=\"right-icon\"><img decoding=\"async\" src=\"https:\/\/kzr.inig.eu\/wp-content\/plugins\/ASgutenburg\/images\/right.svg\" alt=\"icon\" aria-hidden=\"true\"\/><\/div><\/div><\/div><\/a><\/div><div class=\"block-link-row\"><a href=\"https:\/\/wikis.ec.europa.eu\/display\/UDBBIS\/Union+Database+for+Biofuels+%28UDB%29+-+About\" class=\"d-flex\" target=\"_blank\" rel=\"noopener noreferrer nofollow\"><div class=\"block-link-inner d-flex align-items-center\"><div class=\"icon\"><img decoding=\"async\" class=\"svg\" src=\"https:\/\/kzr.inig.eu\/wp-content\/plugins\/ASgutenburg\/images\/icontsvg.svg\" alt=\"Image\"\/><\/div><div class=\"link-content d-flex align-items-center justify-content-between\"><div class=\"content\"><p>Link do platformy informacyjnej UDB  <\/p><\/div><div class=\"right-icon\"><img decoding=\"async\" src=\"https:\/\/kzr.inig.eu\/wp-content\/plugins\/ASgutenburg\/images\/right.svg\" alt=\"icon\" aria-hidden=\"true\"\/><\/div><\/div><\/div><\/a><\/div><\/div>\n\n\n\n<div style=\"height:100px\" aria-hidden=\"true\" class=\"wp-block-spacer\"><\/div>\n\n\n\n<div class=\"accordion-block\"><div class=\"accordion\" id=\"accordion-block\"><div class=\"accordion-item\"><button class=\"accordion-button  \" type=\"button\" data-bs-toggle=\"collapse\" data-bs-target=\"#collapse-id-unique-id-0-1724969479498\" aria-expanded=\"true\" aria-controls=\"collapse-id-unique-id-0-1724969479498\">Co to jest UDB i czemu ma s\u0142u\u017cy\u0107?<\/button><div id=\"collapse-id-unique-id-0-1724969479498\" class=\"accordion-collapse collapse show \" data-bs-parent=\"#accordion-block\"><div class=\"accordion-body\"><p>UDB to skr\u00f3t od Unijnej Bazy Danych. To platforma opracowana i zarz\u0105dzana przez Komisj\u0119 Europejsk\u0105. Ma ona na celu zapewnienie \u015bledzenia \u0142a\u0144cucha dostaw ciek\u0142ych i gazowych paliw do cel\u00f3w transportowych, kt\u00f3re kwalifikuj\u0105 si\u0119 do wliczania do udzia\u0142u energii odnawialnej w sektorze transportu w ka\u017cdym pa\u0144stwie cz\u0142onkowskim.\n\nW zwi\u0105zku z tym podmioty gospodarcze w \u0142a\u0144cuchu dostaw biopaliw (paliw ciek\u0142ych i gazowych) wykorzystywanych w sektorze transportu i obj\u0119tych zakresem Dyrektywy w sprawie odnawialnych \u017ar\u00f3de\u0142 energii musz\u0105 uzupe\u0142ni\u0107 UDB o:<\/p><\/div><\/div><\/div><div class=\"accordion-item\"><button class=\"accordion-button  collapsed\" type=\"button\" data-bs-toggle=\"collapse\" data-bs-target=\"#collapse-id-unique-id-0-1724969618523\" aria-expanded=\"true\" aria-controls=\"collapse-id-unique-id-0-1724969618523\">Czy firmy b\u0119d\u0105ce po\u015brednikami handluj\u0105cymi m.in. rzepakiem i soj\u0105 musz\u0105 si\u0119 rejestrowa\u0107?<\/button><div id=\"collapse-id-unique-id-0-1724969618523\" class=\"accordion-collapse collapse  \" data-bs-parent=\"#accordion-block\"><div class=\"accordion-body\"><p>Tak, ka\u017cdy w \u0142a\u0144cuchu dostaw posiadaj\u0105cy certyfikat w \u015bcie\u017cce biopaliwa i biop\u0142yny musi posiada\u0107 konto w UDB.\n\n<\/p><\/div><\/div><\/div><div class=\"accordion-item\"><button class=\"accordion-button  collapsed\" type=\"button\" data-bs-toggle=\"collapse\" data-bs-target=\"#collapse-id-unique-id-0-1724969643028\" aria-expanded=\"true\" aria-controls=\"collapse-id-unique-id-0-1724969643028\">Czy rejestracji w UDB dotyczy wszystkich firm, kt\u00f3re posiadaj\u0105 certyfikat w zakresie biopaliwa i biop\u0142yny?<\/button><div id=\"collapse-id-unique-id-0-1724969643028\" class=\"accordion-collapse collapse  \" data-bs-parent=\"#accordion-block\"><div class=\"accordion-body\"><p>Tak. Na ten moment obowi\u0105zek korzystania z UDB spoczywa na wszystkich uczestnikach w \u0142a\u0144cuchu dostaw pocz\u0105wszy od FGP (pierwszych punkt\u00f3w skupu) przez \u201etrader\u2019\u00f3w\u201d a\u017c do ko\u0144cowych producent\u00f3w paliw, czyli wszystkich posiadaj\u0105cych Certyfikat KZR INiG \u2013 \u015bcie\u017cka certyfikacji: biopaliwa i biop\u0142yny.\n\n<\/p><\/div><\/div><\/div><div class=\"accordion-item\"><button class=\"accordion-button  collapsed\" type=\"button\" data-bs-toggle=\"collapse\" data-bs-target=\"#collapse-id-unique-id-0-1726644291458\" aria-expanded=\"true\" aria-controls=\"collapse-id-unique-id-0-1726644291458\">Czy firma ma obowi\u0105zek rejestracji tylko z uwagi na fakt posiadania certyfikatu KZR INiG?<\/button><div id=\"collapse-id-unique-id-0-1726644291458\" class=\"accordion-collapse collapse  \" data-bs-parent=\"#accordion-block\"><div class=\"accordion-body\"><p>Obowi\u0105zkiem s\u0105 obj\u0119ci uczestnicy KZR INiG ale tak\u017ce innych system\u00f3w dobrowolnych zatwierdzonych przez KE (https:\/\/energy.ec.europa.eu\/topics\/renewable-energy\/bioenergy\/voluntary-schemes_en)\n\nObowi\u0105zek korzystania z UDB jest zapisany w dyrektywie RED II (zob. art. 28 ust. 2 dyrektywy (UE) 2018\/2001 &#8211; RED II). Baza danych ma na celu zapewnienie identyfikowalno\u015bci biopaliw ciek\u0142ych i gazowych, kt\u00f3re kwalifikuj\u0105 si\u0119 do wliczania do udzia\u0142u energii odnawialnej w sektorze transportu w ka\u017cdym pa\u0144stwie cz\u0142onkowskim. Obowi\u0105zek stosowania UDB jest tak\u017ce zapisany w Dokumentach Systemowych KZR INiG. Niestosowanie si\u0119 do obowi\u0105zku stanowi\u0107 b\u0119dzie powa\u017cne naruszenie zasad Systemu KZR INiG mog\u0105ce wp\u0142yn\u0105\u0107 na cofni\u0119cie Certyfikatu.<\/p><\/div><\/div><\/div><div class=\"accordion-item\"><button class=\"accordion-button  collapsed\" type=\"button\" data-bs-toggle=\"collapse\" data-bs-target=\"#collapse-id-unique-id-0-1726644309821\" aria-expanded=\"true\" aria-controls=\"collapse-id-unique-id-0-1726644309821\">Czy UDB wp\u0142ywa na koszty z KZR INiG?<\/button><div id=\"collapse-id-unique-id-0-1726644309821\" class=\"accordion-collapse collapse  \" data-bs-parent=\"#accordion-block\"><div class=\"accordion-body\"><p>Korzystanie z UDB nie wp\u0142ywa na koszty uczestnictwa w Systemie KZR INiG\n\n<\/p><\/div><\/div><\/div><div class=\"accordion-item\"><button class=\"accordion-button  collapsed\" type=\"button\" data-bs-toggle=\"collapse\" data-bs-target=\"#collapse-id-unique-id-0-1726644319432\" aria-expanded=\"true\" aria-controls=\"collapse-id-unique-id-0-1726644319432\">Czy i kiedy udost\u0119pnione zostan\u0105 dodatkowe terminy webinar\u00f3w?<\/button><div id=\"collapse-id-unique-id-0-1726644319432\" class=\"accordion-collapse collapse  \" data-bs-parent=\"#accordion-block\"><div class=\"accordion-body\"><p>Komisja Europejska b\u0119dzie komunikowa\u0142a bezpo\u015brednio podmioty oraz  KZR INIG o dodatkowych szkoleniach, webinarach. B\u0119d\u0105 przygotowywane instrukta\u017ce oraz udost\u0119pniane nagrania z trening\u00f3w. KZR INiG na ten moment planuje kr\u00f3tkie webinarium 30.03.2023 r.\n\n<\/p><\/div><\/div><\/div><div class=\"accordion-item\"><button class=\"accordion-button  collapsed\" type=\"button\" data-bs-toggle=\"collapse\" data-bs-target=\"#collapse-id-unique-id-0-1726644336440\" aria-expanded=\"true\" aria-controls=\"collapse-id-unique-id-0-1726644336440\">Jak si\u0119 kontaktowa\u0107 w sprawie UDB?<\/button><div id=\"collapse-id-unique-id-0-1726644336440\" class=\"accordion-collapse collapse  \" data-bs-parent=\"#accordion-block\"><div class=\"accordion-body\"><p>Wszelkie zapytania w sprawie UDB prosz\u0119 kierowa\u0107 na adres udb.kzr@inig.pl. KZR INiG regularnie informuje o procesie rozwoju i harmonogramie prac nad UDB drog\u0105 mailow\u0105 oraz umieszcza informacje na stronie. \n\n<\/p><\/div><\/div><\/div><div class=\"accordion-item\"><button class=\"accordion-button  collapsed\" type=\"button\" data-bs-toggle=\"collapse\" data-bs-target=\"#collapse-id-unique-id-0-1726644344304\" aria-expanded=\"true\" aria-controls=\"collapse-id-unique-id-0-1726644344304\">Jakie informacj\u0119 uczestnik b\u0119dzie wprowadza\u0142 do UDB?<\/button><div id=\"collapse-id-unique-id-0-1726644344304\" class=\"accordion-collapse collapse  \" data-bs-parent=\"#accordion-block\"><div class=\"accordion-body\"><p>Informacje na temat stan\u00f3w magazynowych oraz danych przekazywanych w  \u0142a\u0144cuchu dostaw nt. ilo\u015bci i rodzaju przekazywanego surowca\/produktu, charakterystyk\u0119 zr\u00f3wnowa\u017conego rozwoju.\n\n<\/p><\/div><\/div><\/div><div class=\"accordion-item\"><button class=\"accordion-button  collapsed\" type=\"button\" data-bs-toggle=\"collapse\" data-bs-target=\"#collapse-id-unique-id-0-1726644363078\" aria-expanded=\"true\" aria-controls=\"collapse-id-unique-id-0-1726644363078\">Co w przypadku, gdy posiadam certyfikat w KZR INiG oraz w innym systemie dobrowolnym? Czy b\u0119d\u0119 mia\u0142 dwa konta?<\/button><div id=\"collapse-id-unique-id-0-1726644363078\" class=\"accordion-collapse collapse  \" data-bs-parent=\"#accordion-block\"><div class=\"accordion-body\"><p>Nie. Systemy dobrowolne wdra\u017caj\u0105 uczestnik\u00f3w przypisuj\u0105c im unikalny numer identyfikacyjny. KZR INiG wdro\u017cy\u0142 do UDB uczestnik\u00f3w bazuj\u0105c na ID NIP. Numer NIP jest unikalnym numerem. St\u0105d firma w UDB b\u0119dzie wyst\u0119powa\u0142a raz i do firmy przypisywane s\u0105 systemu dobrowolne (min. jeden).\n\n<\/p><\/div><\/div><\/div><div class=\"accordion-item\"><button class=\"accordion-button  collapsed\" type=\"button\" data-bs-toggle=\"collapse\" data-bs-target=\"#collapse-id-unique-id-0-1726644388668\" aria-expanded=\"true\" aria-controls=\"collapse-id-unique-id-0-1726644388668\">Kim jest Lead User?<\/button><div id=\"collapse-id-unique-id-0-1726644388668\" class=\"accordion-collapse collapse  \" data-bs-parent=\"#accordion-block\"><div class=\"accordion-body\"><p>KZR INiG wytypowa\u0142 adresy mailowe do os\u00f3b jako administrator\u00f3w kont UDB (tzw. Lead User) dla ka\u017cdej firmy posiadaj\u0105cej certyfikat. Zosta\u0142y tym osobom wys\u0142ane zaproszenia do aktywacji kont administrator\u00f3w. Do obowi\u0105zk\u00f3w tej osoby jako g\u0142\u00f3wnego u\u017cytkownika\/administratora nale\u017cy zapraszanie kolejnych u\u017cytkownik\u00f3w w ramach w\u0142asnej organizacji, gdy jest to konieczne.\n\n<\/p><\/div><\/div><\/div><div class=\"accordion-item\"><button class=\"accordion-button  collapsed\" type=\"button\" data-bs-toggle=\"collapse\" data-bs-target=\"#collapse-id-unique-id-0-1726644395340\" aria-expanded=\"true\" aria-controls=\"collapse-id-unique-id-0-1726644395340\">Czy UDB jest tylko po angielsku?<\/button><div id=\"collapse-id-unique-id-0-1726644395340\" class=\"accordion-collapse collapse  \" data-bs-parent=\"#accordion-block\"><div class=\"accordion-body\"><p>Jest angielska i francuska wersja j\u0119zykowa. Klikaj\u0105c na ikonk\u0119 w prawym g\u00f3rnym rogu mo\u017cna zmieni\u0107 wersj\u0119 j\u0119zykow\u0105. Jednak niekt\u00f3re przegl\u0105darki maj\u0105 wbudowan\u0105 fukncj\u0119 t\u0142umaczenia j\u0119zyka\n\n<\/p><\/div><\/div><\/div><div class=\"accordion-item\"><button class=\"accordion-button  collapsed\" type=\"button\" data-bs-toggle=\"collapse\" data-bs-target=\"#collapse-id-unique-id-0-1726644412511\" aria-expanded=\"true\" aria-controls=\"collapse-id-unique-id-0-1726644412511\">Obs\u0142uguje wiele firm, czy mog\u0119 posiada\u0107 konto na jeden adres mailowy dla wielu firm w UDB?<\/button><div id=\"collapse-id-unique-id-0-1726644412511\" class=\"accordion-collapse collapse  \" data-bs-parent=\"#accordion-block\"><div class=\"accordion-body\"><p>Tak. Mo\u017cliwe jest prze\u0142\u0105czanie si\u0119 si\u0119 mi\u0119dzy r\u00f3\u017cnymi firmami klikaj\u0105c na sw\u00f3j profil \/ nazw\u0119 w prawym g\u00f3rnym rogu. Tam powinny by\u0107 wyszczeg\u00f3lnione wszystkie konta firm.\n\n<\/p><\/div><\/div><\/div><div class=\"accordion-item\"><button class=\"accordion-button  collapsed\" type=\"button\" data-bs-toggle=\"collapse\" data-bs-target=\"#collapse-id-unique-id-0-1726644421722\" aria-expanded=\"true\" aria-controls=\"collapse-id-unique-id-0-1726644421722\">Strona www do UDB<\/button><div id=\"collapse-id-unique-id-0-1726644421722\" class=\"accordion-collapse collapse  \" data-bs-parent=\"#accordion-block\"><div class=\"accordion-body\"><p>https:\/\/webgate.ec.europa.eu\/UnionDatabase\n\n<\/p><\/div><\/div><\/div><\/div><\/div>\n","protected":false},"excerpt":{"rendered":"<p>Unijna baza danych UDB&nbsp;(Union Database, UDB) to baza danych, opracowana przez Uni\u0119 Europejsk\u0105, kt\u00f3rej celem jest monitorowanie i kontrolowanie ciek\u0142ych i gazowych paliw transportowych z biomasy w obr\u0119bie ca\u0142ego \u0142a\u0144cucha dostaw. Baza ta jest cz\u0119\u015bci\u0105 unijnej strategii na rzecz zapewnienia zgodno\u015bci z kryteriami zr\u00f3wnowa\u017conego rozwoju oraz redukcji emisji gaz\u00f3w cieplarnianych, wynikaj\u0105cych z przepis\u00f3w Dyrektywy RED [&hellip;]<\/p>\n","protected":false},"author":10,"featured_media":500,"parent":0,"menu_order":20,"comment_status":"closed","ping_status":"closed","template":"template-siderbar-subpages.php","meta":{"footnotes":""},"class_list":["post-112825","page","type-page","status-publish","has-post-thumbnail","hentry"],"_links":{"self":[{"href":"https:\/\/kzr.inig.eu\/en\/wp-json\/wp\/v2\/pages\/112825","targetHints":{"allow":["GET"]}}],"collection":[{"href":"https:\/\/kzr.inig.eu\/en\/wp-json\/wp\/v2\/pages"}],"about":[{"href":"https:\/\/kzr.inig.eu\/en\/wp-json\/wp\/v2\/types\/page"}],"author":[{"embeddable":true,"href":"https:\/\/kzr.inig.eu\/en\/wp-json\/wp\/v2\/users\/10"}],"replies":[{"embeddable":true,"href":"https:\/\/kzr.inig.eu\/en\/wp-json\/wp\/v2\/comments?post=112825"}],"version-history":[{"count":0,"href":"https:\/\/kzr.inig.eu\/en\/wp-json\/wp\/v2\/pages\/112825\/revisions"}],"wp:featuredmedia":[{"embeddable":true,"href":"https:\/\/kzr.inig.eu\/en\/wp-json\/wp\/v2\/media\/500"}],"wp:attachment":[{"href":"https:\/\/kzr.inig.eu\/en\/wp-json\/wp\/v2\/media?parent=112825"}],"curies":[{"name":"wp","href":"https:\/\/api.w.org\/{rel}","templated":true}]}}